{"id":7591,"date":"2018-06-18T16:13:19","date_gmt":"2018-06-18T16:13:19","guid":{"rendered":"https:\/\/www.filipepalhoca.pt\/cart\/"},"modified":"2024-08-14T12:48:31","modified_gmt":"2024-08-14T12:48:31","slug":"cart","status":"publish","type":"page","link":"https:\/\/www.filipepalhoca.pt\/en\/cart\/","title":{"rendered":"Cart"},"content":{"rendered":"\n","protected":false},"excerpt":{"rendered":"","protected":false},"author":3,"featured_media":0,"parent":0,"menu_order":0,"comment_status":"closed","ping_status":"closed","template":"","meta":{"_acf_changed":false,"footnotes":""},"class_list":["post-7591","page","type-page","status-publish","hentry"],"acf":[],"yoast_head":"<!-- This site is optimized with the Yoast SEO plugin v27.5 - https:\/\/yoast.com\/product\/yoast-seo-wordpress\/ -->\n<title>Cart - Filipe Palho\u00e7a Vinhos<\/title>\n<meta name=\"robots\" content=\"index, follow, max-snippet:-1, max-image-preview:large, max-video-preview:-1\" \/>\n<link rel=\"canonical\" href=\"https:\/\/www.filipepalhoca.pt\/carrinho\/\" \/>\n<meta property=\"og:locale\" content=\"en_US\" \/>\n<meta property=\"og:type\" content=\"article\" \/>\n<meta property=\"og:title\" content=\"Cart - Filipe Palho\u00e7a Vinhos\" \/>\n<meta property=\"og:url\" content=\"https:\/\/www.filipepalhoca.pt\/carrinho\/\" \/>\n<meta property=\"og:site_name\" content=\"Filipe Palho\u00e7a Vinhos\" \/>\n<meta property=\"article:publisher\" content=\"https:\/\/www.facebook.com\/montedacapela\/\" \/>\n<meta property=\"article:modified_time\" content=\"2024-08-14T12:48:31+00:00\" \/>\n<meta name=\"twitter:card\" content=\"summary_large_image\" \/>\n<script type=\"application\/ld+json\" class=\"yoast-schema-graph\">{\"@context\":\"https:\\\/\\\/schema.org\",\"@graph\":[{\"@type\":\"WebPage\",\"@id\":\"https:\\\/\\\/www.filipepalhoca.pt\\\/carrinho\\\/\",\"url\":\"https:\\\/\\\/www.filipepalhoca.pt\\\/carrinho\\\/\",\"name\":\"Cart - Filipe Palho\u00e7a Vinhos\",\"isPartOf\":{\"@id\":\"https:\\\/\\\/www.filipepalhoca.pt\\\/#website\"},\"datePublished\":\"2018-06-18T16:13:19+00:00\",\"dateModified\":\"2024-08-14T12:48:31+00:00\",\"breadcrumb\":{\"@id\":\"https:\\\/\\\/www.filipepalhoca.pt\\\/carrinho\\\/#breadcrumb\"},\"inLanguage\":\"en-US\",\"potentialAction\":[{\"@type\":\"ReadAction\",\"target\":[\"https:\\\/\\\/www.filipepalhoca.pt\\\/carrinho\\\/\"]}]},{\"@type\":\"BreadcrumbList\",\"@id\":\"https:\\\/\\\/www.filipepalhoca.pt\\\/carrinho\\\/#breadcrumb\",\"itemListElement\":[{\"@type\":\"ListItem\",\"position\":1,\"name\":\"In\u00edcio\",\"item\":\"https:\\\/\\\/www.filipepalhoca.pt\\\/en\\\/\"},{\"@type\":\"ListItem\",\"position\":2,\"name\":\"Cart\"}]},{\"@type\":\"WebSite\",\"@id\":\"https:\\\/\\\/www.filipepalhoca.pt\\\/#website\",\"url\":\"https:\\\/\\\/www.filipepalhoca.pt\\\/\",\"name\":\"Filipe Palho\u00e7a Vinhos\",\"description\":\"Pen\u00ednsula de Set\u00fabal\",\"publisher\":{\"@id\":\"https:\\\/\\\/www.filipepalhoca.pt\\\/#organization\"},\"potentialAction\":[{\"@type\":\"SearchAction\",\"target\":{\"@type\":\"EntryPoint\",\"urlTemplate\":\"https:\\\/\\\/www.filipepalhoca.pt\\\/?s={search_term_string}\"},\"query-input\":{\"@type\":\"PropertyValueSpecification\",\"valueRequired\":true,\"valueName\":\"search_term_string\"}}],\"inLanguage\":\"en-US\"},{\"@type\":\"Organization\",\"@id\":\"https:\\\/\\\/www.filipepalhoca.pt\\\/#organization\",\"name\":\"Filipe Palho\u00e7a Vinhos - Pen\u00ednsula de Set\u00fabal\",\"url\":\"https:\\\/\\\/www.filipepalhoca.pt\\\/\",\"logo\":{\"@type\":\"ImageObject\",\"inLanguage\":\"en-US\",\"@id\":\"https:\\\/\\\/www.filipepalhoca.pt\\\/#\\\/schema\\\/logo\\\/image\\\/\",\"url\":\"https:\\\/\\\/filipepalhoca.pt\\\/wp-content\\\/uploads\\\/2020\\\/11\\\/logo-black.svg\",\"contentUrl\":\"https:\\\/\\\/filipepalhoca.pt\\\/wp-content\\\/uploads\\\/2020\\\/11\\\/logo-black.svg\",\"width\":370,\"height\":282,\"caption\":\"Filipe Palho\u00e7a Vinhos - Pen\u00ednsula de Set\u00fabal\"},\"image\":{\"@id\":\"https:\\\/\\\/www.filipepalhoca.pt\\\/#\\\/schema\\\/logo\\\/image\\\/\"},\"sameAs\":[\"https:\\\/\\\/www.facebook.com\\\/montedacapela\\\/\",\"https:\\\/\\\/www.instagram.com\\\/montedacapela\\\/\"]}]}<\/script>\n<!-- \/ Yoast SEO plugin. -->","yoast_head_json":{"title":"Cart - Filipe Palho\u00e7a Vinhos","robots":{"index":"index","follow":"follow","max-snippet":"max-snippet:-1","max-image-preview":"max-image-preview:large","max-video-preview":"max-video-preview:-1"},"canonical":"https:\/\/www.filipepalhoca.pt\/carrinho\/","og_locale":"en_US","og_type":"article","og_title":"Cart - Filipe Palho\u00e7a Vinhos","og_url":"https:\/\/www.filipepalhoca.pt\/carrinho\/","og_site_name":"Filipe Palho\u00e7a Vinhos","article_publisher":"https:\/\/www.facebook.com\/montedacapela\/","article_modified_time":"2024-08-14T12:48:31+00:00","twitter_card":"summary_large_image","schema":{"@context":"https:\/\/schema.org","@graph":[{"@type":"WebPage","@id":"https:\/\/www.filipepalhoca.pt\/carrinho\/","url":"https:\/\/www.filipepalhoca.pt\/carrinho\/","name":"Cart - Filipe Palho\u00e7a Vinhos","isPartOf":{"@id":"https:\/\/www.filipepalhoca.pt\/#website"},"datePublished":"2018-06-18T16:13:19+00:00","dateModified":"2024-08-14T12:48:31+00:00","breadcrumb":{"@id":"https:\/\/www.filipepalhoca.pt\/carrinho\/#breadcrumb"},"inLanguage":"en-US","potentialAction":[{"@type":"ReadAction","target":["https:\/\/www.filipepalhoca.pt\/carrinho\/"]}]},{"@type":"BreadcrumbList","@id":"https:\/\/www.filipepalhoca.pt\/carrinho\/#breadcrumb","itemListElement":[{"@type":"ListItem","position":1,"name":"In\u00edcio","item":"https:\/\/www.filipepalhoca.pt\/en\/"},{"@type":"ListItem","position":2,"name":"Cart"}]},{"@type":"WebSite","@id":"https:\/\/www.filipepalhoca.pt\/#website","url":"https:\/\/www.filipepalhoca.pt\/","name":"Filipe Palho\u00e7a Vinhos","description":"Pen\u00ednsula de Set\u00fabal","publisher":{"@id":"https:\/\/www.filipepalhoca.pt\/#organization"},"potentialAction":[{"@type":"SearchAction","target":{"@type":"EntryPoint","urlTemplate":"https:\/\/www.filipepalhoca.pt\/?s={search_term_string}"},"query-input":{"@type":"PropertyValueSpecification","valueRequired":true,"valueName":"search_term_string"}}],"inLanguage":"en-US"},{"@type":"Organization","@id":"https:\/\/www.filipepalhoca.pt\/#organization","name":"Filipe Palho\u00e7a Vinhos - Pen\u00ednsula de Set\u00fabal","url":"https:\/\/www.filipepalhoca.pt\/","logo":{"@type":"ImageObject","inLanguage":"en-US","@id":"https:\/\/www.filipepalhoca.pt\/#\/schema\/logo\/image\/","url":"https:\/\/filipepalhoca.pt\/wp-content\/uploads\/2020\/11\/logo-black.svg","contentUrl":"https:\/\/filipepalhoca.pt\/wp-content\/uploads\/2020\/11\/logo-black.svg","width":370,"height":282,"caption":"Filipe Palho\u00e7a Vinhos - Pen\u00ednsula de Set\u00fabal"},"image":{"@id":"https:\/\/www.filipepalhoca.pt\/#\/schema\/logo\/image\/"},"sameAs":["https:\/\/www.facebook.com\/montedacapela\/","https:\/\/www.instagram.com\/montedacapela\/"]}]}},"_links":{"self":[{"href":"https:\/\/www.filipepalhoca.pt\/en\/wp-json\/wp\/v2\/pages\/7591","targetHints":{"allow":["GET"]}}],"collection":[{"href":"https:\/\/www.filipepalhoca.pt\/en\/wp-json\/wp\/v2\/pages"}],"about":[{"href":"https:\/\/www.filipepalhoca.pt\/en\/wp-json\/wp\/v2\/types\/page"}],"author":[{"embeddable":true,"href":"https:\/\/www.filipepalhoca.pt\/en\/wp-json\/wp\/v2\/users\/3"}],"replies":[{"embeddable":true,"href":"https:\/\/www.filipepalhoca.pt\/en\/wp-json\/wp\/v2\/comments?post=7591"}],"version-history":[{"count":0,"href":"https:\/\/www.filipepalhoca.pt\/en\/wp-json\/wp\/v2\/pages\/7591\/revisions"}],"wp:attachment":[{"href":"https:\/\/www.filipepalhoca.pt\/en\/wp-json\/wp\/v2\/media?parent=7591"}],"curies":[{"name":"wp","href":"https:\/\/api.w.org\/{rel}","templated":true}]}}