{"id":7392,"date":"2018-06-28T09:05:45","date_gmt":"2018-06-28T09:05:45","guid":{"rendered":"https:\/\/www.filipepalhoca.pt\/politica-de-privacidade\/"},"modified":"2024-07-24T09:03:33","modified_gmt":"2024-07-24T09:03:33","slug":"privacy-policy","status":"publish","type":"page","link":"https:\/\/www.filipepalhoca.pt\/en\/privacy-policy\/","title":{"rendered":"Privacy Policy"},"content":{"rendered":"<div class=\"wpb-content-wrapper\"><p>[vc_row full_width=&#8221;stretch_row&#8221; full_height=&#8221;yes&#8221; content_placement=&#8221;middle&#8221; woodmart_parallax=&#8221;1&#8243; css=&#8221;.vc_custom_1716903636382{background-image: url(https:\/\/www.filipepalhoca.pt\/wp-content\/uploads\/2024\/05\/termos.webp?id=7032) !important;background-position: center !important;background-repeat: no-repeat !important;background-size: cover !important;}&#8221; mobile_bg_img_hidden=&#8221;no&#8221; tablet_bg_img_hidden=&#8221;no&#8221; woodmart_gradient_switch=&#8221;no&#8221; row_reverse_mobile=&#8221;0&#8243; row_reverse_tablet=&#8221;0&#8243; woodmart_disable_overflow=&#8221;0&#8243; woodmart_css_id=&#8221;6655dec1cc683&#8243; responsive_spacing=&#8221;eyJwYXJhbV90eXBlIjoid29vZG1hcnRfcmVzcG9uc2l2ZV9zcGFjaW5nIiwic2VsZWN0b3JfaWQiOiI2NjU1ZGVjMWNjNjgzIiwic2hvcnRjb2RlIjoidmNfcm93IiwiZGF0YSI6eyJ0YWJsZXQiOnt9LCJtb2JpbGUiOnt9fX0=&#8221; woodmart_box_shadow=&#8221;no&#8221; wd_z_index=&#8221;no&#8221;][vc_column width=&#8221;1\/6&#8243;][\/vc_column][vc_column width=&#8221;2\/3&#8243;]\n\t\t<div id=\"wd-66a0bdbd8e4fe\" class=\"title-wrapper wd-wpb set-mb-s reset-last-child  wd-rs-66a0bdbd8e4fe wd-title-color-white wd-title-style-underlined-2 text-center  wd-underline-colored\">\n\t\t\t\n\t\t\t<div class=\"liner-continer\">\n\t\t\t\t<h4 class=\"woodmart-title-container title  wd-font-weight-700 wd-fontsize-xxxl\" >PRIVACY POLICY<\/h4>\n\t\t\t\t\t\t\t<\/div>\n\t\t\t\n\t\t\t\t\t\t\t<div class=\"title-after_title  set-cont-mb-s reset-last-child  wd-fontsize-s\">PASSIONATE ABOUT THE VINEYARDS<\/div>\n\t\t\t\n\t\t\t\n\t\t<\/div>\n\t\t\n\t\t[\/vc_column][vc_column width=&#8221;1\/6&#8243;][\/vc_column][\/vc_row][vc_row full_width=&#8221;stretch_row&#8221; content_placement=&#8221;middle&#8221; css_animation=&#8221;fadeIn&#8221; mobile_bg_img_hidden=&#8221;no&#8221; tablet_bg_img_hidden=&#8221;no&#8221; woodmart_parallax=&#8221;0&#8243; woodmart_gradient_switch=&#8221;no&#8221; row_reverse_mobile=&#8221;0&#8243; row_reverse_tablet=&#8221;0&#8243; woodmart_disable_overflow=&#8221;0&#8243;][vc_column css=&#8221;.vc_custom_1605786258820{background-position: center !important;background-repeat: no-repeat !important;background-size: cover !important;}&#8221; el_class=&#8221;flex-item-1&#8243; mobile_bg_img_hidden=&#8221;no&#8221; tablet_bg_img_hidden=&#8221;no&#8221; woodmart_parallax=&#8221;0&#8243; woodmart_sticky_column=&#8221;false&#8221; parallax_scroll=&#8221;no&#8221; mobile_reset_margin=&#8221;no&#8221; tablet_reset_margin=&#8221;no&#8221;][vc_column_text css=&#8221;&#8221; woodmart_color_scheme=&#8221;dark&#8221; text_larger=&#8221;no&#8221; woodmart_inline=&#8221;no&#8221;]<strong>Introduction<\/strong><br \/>\nFilipe Palho\u00e7a &#8211; Vinhos, Lda (Filipe Palho\u00e7a Vinhos) guarantees and safeguards the protection of the personal data of the users of its website. In processing the personal data collected during your visit, the rules of the General Data Protection Regulation (RGPD), with entry into force on 25 May 2018, are fully complied with, scrupulously complying with Regulation (EU) 2016\/679 of the European Parliament and of the Council of 27 April 2016 on the protection of natural persons with regard to the processing of personal data and on the free movement of such data.<\/p>\n<p>The collected data are only for internal treatment of information and with the aim of providing the announced products\/services, as well as the continuous evolution of the quality and excellence of our products\/services provision. At no time or in any circumstance will the data provided by you be delivered to third-parties. However, Solar da Pena may share the data with public authorities without the knowledge of the holders in compliance with legal or judicial obligations. The visit to our website does not of itself imply the collection of personal data. Though, there is a set of computer data that is collected automatically in each access, as best described in this text. There are, however, several areas of the website that require personal data from the user to be accessible, as well as some services that need this information in order for them to be provided. The request for collection of this data is always made in a clear and unambiguous way.<\/p>\n<p>We present below the description of the type of data we collect, the treatment to which they are subject and also the utility they represent for the products\/services we provide. At the end of the text you can also check your rights regarding information, correction and deletion of data.<\/p>\n<p><strong>1. Internet access data<\/strong><br \/>\nWith the access to our website, a set of computer data can be collected automatically, which are recorded temporarily in own files and are also automatically deleted after a certain period of time. The collection of these data has purely technical and statistical objectives, such as connection configuration, system security, network technical management and our website optimization. The referred data are the following:<br \/>\na) IP address of requesting processor;<br \/>\nb) Date and time of access;<br \/>\nc) Name and URL of the downloaded file;<br \/>\nd) Volume of transmitted data;<br \/>\ne) Browser and operating system identification data;<br \/>\nf) Website from which you accessed our website;<br \/>\ng) Internet Service Provider Name.<\/p>\n<p><strong>2. Consent to use of personal data<\/strong><br \/>\nThe use of some of the services of our website presupposes the provision of personal data and a more substantial treatment of them. Filipe Palho\u00e7a Vinhos will only use this data when they are supplied by its holders, only for the purposes that have been provided and always with the consent of its holders, which will be given with the act of its delivery. We now concretize the aforesaid services and the type of data processing carried out.<\/p>\n<p><strong>2.1 Contact form<\/strong><br \/>\nIf you wish to contact Filipe Palho\u00e7a Vinhos directly through the website, you must complete the form provided for this purpose. You\u2019ll be asked for some personal data (name, phone and email address). The collection of this data only aims to make possible to answer your contact with the minimum of personalization, and isn\u2019t used for any other purpose. It\u2019s also possible to contact Filipe Palho\u00e7a Vinhos directly through other ways available in the link \u201cContacts\u201d.<\/p>\n<p><strong>2.2 Newsletter<\/strong><br \/>\nFilipe Palho\u00e7a Vinhos may offer the chance of subscribing to a free Newsletter service to its website visitors. This service aims to make its subscribers aware of relevant news within the areas of interest covered by the products\/services offered by Filipe Palho\u00e7a Vinhos. To take advantage of this service, you must necessarily provide your email address in the proper form field for this purpose. You may cancel your subscription to the Newsletter service at any time, just by sending an email with that request following the instructions given at the end of each Newsletter.<\/p>\n<p><strong>2.3 Online Shop<\/strong><br \/>\nFilipe Palho\u00e7a Vinhos provides its website users an online shop, a system normally called eCommerce, with the completion of online transactions. To take advantage of this feature, you\u2019ll need to fill out a user registration form on the website in which you\u2019ll be asked for some personal data (name, email address, phone and tax identification number). The collection of this data is mandatory for the correct identification of the buyer and scrupulous compliance with all legal and tax procedures associated with a process of buying and selling products online..<\/p>\n<p><strong>3. Security<\/strong><br \/>\nFilipe Palho\u00e7a Vinhos has invested in technical and organizational security measures to protect personal data collected against inadvertent or intentional manipulation, loss or destruction and against access by unauthorized persons. Your personal data is stored on secure networks, encrypted files that can only be accessed by a limited number of people who have special access rights and undertake to respect and maintain the confidential nature of such information. Notwithstanding these measures, when you provide personal data on the Internet, there is always a risk that they may be intercepted and used by third-parties beyond the control of Filipe Palho\u00e7a Vinhos. While we make every effort to protect your personal data and your privacy, we cannot guarantee the security of the information you make available through the Internet.<\/p>\n<p><strong>4. Cookies<\/strong><br \/>\nA cookie is a single text file that a website sends to your Internet browser. Our website may use cookies to personalize the information presented to you. This data does not contain personal references, being automatically deleted when you close your browser. Please note that most browsers are programmed to accept cookies by default. If you wish to consult our website without using cookies, you must change the appropriate setting in your browser options. However, if you set your browser to reject all cookies, this may limit the use of some features of our website.<\/p>\n<p><strong>5. Links to external sites<\/strong><br \/>\nOur Privacy and Data Protection Policy applies exclusively to our website. However, Filipe Palho\u00e7a Vinhos website may contain links to partner websites. The connection to those websites always presupposes a click of the user in the respective link, never being an automatic connection. It\u2019s absolutely impossible for Filipe Palho\u00e7a Vinhos to ensure that the practices of those entities regarding data protection are in accordance with the law and our ethical demands. Thus, Filipe Palho\u00e7a Vinhos cannot be held responsible for the content or privacy policy of other external websites, and it is solely the responsibility of its owners any damage or illegal situation that the query of such websites may cause.<\/p>\n<p><strong>6. Right to verify, correct and delete data<\/strong><br \/>\nFilipe Palho\u00e7a Vinhos has established a maximum term of conservation of your personal data of 10 years and after this period we will contact you to confirm that you want to keep your data in our database. In accordance with the national and community legislation currently in force, we fully recognize your right at any time to verify any data relating to yourself, as well as the right to require correction or deletion and also the right to withdraw your consent for future use. To obtain information about your personal data, to correct or delete data or to clarify any other question regarding the use of personal data in our possession, please contact:<br \/>\nFilipe Palho\u00e7a &#8211; Vinhos, Lda<br \/>\nQuinta da Invejosa<br \/>\nEstrada Nacional 5, KM 24,8<br \/>\n2965-213 Poceir\u00e3o<br \/>\nPhone: +351 265 995 886 (national landline call)<br \/>\nE-mail: geral@filipepalhoca.pt<\/p>\n<p><strong>7. Acceptance of our Privacy and Data Protection Policy<\/strong><br \/>\nBy using our website you are implicitly agreeing to the use of your personal data, under the terms described above. As our website evolves and new technologies are adopted, it may be necessary to make changes to our Privacy and Data Protection Policy. Filipe Palho\u00e7a Vinhos reserves the right to modify its Privacy and Data Protection Policy at any time.<\/p>\n<p>Poceir\u00e3o, December 29, 2020[\/vc_column_text][\/vc_column][\/vc_row][vc_row full_width=&#8221;stretch_row_content_no_spaces&#8221; content_placement=&#8221;middle&#8221; woodmart_parallax=&#8221;1&#8243; css=&#8221;.vc_custom_1716903665993{padding-top: 300px !important;padding-bottom: 300px !important;background-image: url(https:\/\/www.filipepalhoca.pt\/wp-content\/uploads\/2024\/05\/vinhos1.webp?id=7026) !important;background-position: center !important;background-repeat: no-repeat !important;background-size: cover !important;}&#8221; mobile_bg_img_hidden=&#8221;no&#8221; tablet_bg_img_hidden=&#8221;no&#8221; woodmart_gradient_switch=&#8221;no&#8221; row_reverse_mobile=&#8221;0&#8243; row_reverse_tablet=&#8221;0&#8243; woodmart_disable_overflow=&#8221;0&#8243; woodmart_css_id=&#8221;6655dedc7d889&#8243; responsive_spacing=&#8221;eyJwYXJhbV90eXBlIjoid29vZG1hcnRfcmVzcG9uc2l2ZV9zcGFjaW5nIiwic2VsZWN0b3JfaWQiOiI2NjU1ZGVkYzdkODg5Iiwic2hvcnRjb2RlIjoidmNfcm93IiwiZGF0YSI6eyJ0YWJsZXQiOnt9LCJtb2JpbGUiOnt9fX0=&#8221; woodmart_box_shadow=&#8221;no&#8221; wd_z_index=&#8221;no&#8221;][vc_column][\/vc_column][\/vc_row]<\/p>\n<\/div>","protected":false},"excerpt":{"rendered":"<p>[vc_row full_width=&#8221;stretch_row&#8221; full_height=&#8221;yes&#8221; content_placement=&#8221;middle&#8221; woodmart_parallax=&#8221;1&#8243; css=&#8221;.vc_custom_1716903636382{background-image: url(https:\/\/www.filipepalhoca.pt\/wp-content\/uploads\/2024\/05\/termos.webp?id=7032) !important;background-position: center !important;background-repeat: no-repeat !important;background-size: cover !important;}&#8221; mobile_bg_img_hidden=&#8221;no&#8221; tablet_bg_img_hidden=&#8221;no&#8221; woodmart_gradient_switch=&#8221;no&#8221; row_reverse_mobile=&#8221;0&#8243; row_reverse_tablet=&#8221;0&#8243; woodmart_disable_overflow=&#8221;0&#8243;<\/p>\n","protected":false},"author":3,"featured_media":0,"parent":0,"menu_order":0,"comment_status":"closed","ping_status":"closed","template":"","meta":{"_acf_changed":false,"footnotes":""},"class_list":["post-7392","page","type-page","status-publish","hentry"],"acf":[],"yoast_head":"<!-- This site is optimized with the Yoast SEO plugin v25.9 - https:\/\/yoast.com\/wordpress\/plugins\/seo\/ -->\n<title>Privacy Policy - Filipe Palho\u00e7a Vinhos<\/title>\n<meta name=\"robots\" content=\"index, follow, max-snippet:-1, max-image-preview:large, max-video-preview:-1\" \/>\n<link rel=\"canonical\" href=\"https:\/\/www.filipepalhoca.pt\/en\/privacy-policy\/\" \/>\n<meta property=\"og:locale\" content=\"en_US\" \/>\n<meta property=\"og:type\" content=\"article\" \/>\n<meta property=\"og:title\" content=\"Privacy Policy - Filipe Palho\u00e7a Vinhos\" \/>\n<meta property=\"og:description\" content=\"[vc_row full_width=&#8221;stretch_row&#8221; full_height=&#8221;yes&#8221; content_placement=&#8221;middle&#8221; woodmart_parallax=&#8221;1&#8243; css=&#8221;.vc_custom_1716903636382{background-image: url(https:\/\/www.filipepalhoca.pt\/wp-content\/uploads\/2024\/05\/termos.webp?id=7032) !important;background-position: center !important;background-repeat: no-repeat !important;background-size: cover !important;}&#8221; mobile_bg_img_hidden=&#8221;no&#8221; tablet_bg_img_hidden=&#8221;no&#8221; woodmart_gradient_switch=&#8221;no&#8221; row_reverse_mobile=&#8221;0&#8243; row_reverse_tablet=&#8221;0&#8243; woodmart_disable_overflow=&#8221;0&#8243;\" \/>\n<meta property=\"og:url\" content=\"https:\/\/www.filipepalhoca.pt\/en\/privacy-policy\/\" \/>\n<meta property=\"og:site_name\" content=\"Filipe Palho\u00e7a Vinhos\" \/>\n<meta property=\"article:publisher\" content=\"https:\/\/www.facebook.com\/montedacapela\/\" \/>\n<meta property=\"article:modified_time\" content=\"2024-07-24T09:03:33+00:00\" \/>\n<meta name=\"twitter:card\" content=\"summary_large_image\" \/>\n<meta name=\"twitter:label1\" content=\"Est. reading time\" \/>\n\t<meta name=\"twitter:data1\" content=\"9 minutes\" \/>\n<script type=\"application\/ld+json\" class=\"yoast-schema-graph\">{\"@context\":\"https:\/\/schema.org\",\"@graph\":[{\"@type\":\"WebPage\",\"@id\":\"https:\/\/www.filipepalhoca.pt\/en\/privacy-policy\/\",\"url\":\"https:\/\/www.filipepalhoca.pt\/en\/privacy-policy\/\",\"name\":\"Privacy Policy - Filipe Palho\u00e7a Vinhos\",\"isPartOf\":{\"@id\":\"https:\/\/www.filipepalhoca.pt\/#website\"},\"datePublished\":\"2018-06-28T09:05:45+00:00\",\"dateModified\":\"2024-07-24T09:03:33+00:00\",\"breadcrumb\":{\"@id\":\"https:\/\/www.filipepalhoca.pt\/en\/privacy-policy\/#breadcrumb\"},\"inLanguage\":\"en-US\",\"potentialAction\":[{\"@type\":\"ReadAction\",\"target\":[\"https:\/\/www.filipepalhoca.pt\/en\/privacy-policy\/\"]}]},{\"@type\":\"BreadcrumbList\",\"@id\":\"https:\/\/www.filipepalhoca.pt\/en\/privacy-policy\/#breadcrumb\",\"itemListElement\":[{\"@type\":\"ListItem\",\"position\":1,\"name\":\"In\u00edcio\",\"item\":\"https:\/\/www.filipepalhoca.pt\/en\/\"},{\"@type\":\"ListItem\",\"position\":2,\"name\":\"Privacy Policy\"}]},{\"@type\":\"WebSite\",\"@id\":\"https:\/\/www.filipepalhoca.pt\/#website\",\"url\":\"https:\/\/www.filipepalhoca.pt\/\",\"name\":\"Filipe Palho\u00e7a Vinhos\",\"description\":\"Pen\u00ednsula de Set\u00fabal\",\"publisher\":{\"@id\":\"https:\/\/www.filipepalhoca.pt\/#organization\"},\"potentialAction\":[{\"@type\":\"SearchAction\",\"target\":{\"@type\":\"EntryPoint\",\"urlTemplate\":\"https:\/\/www.filipepalhoca.pt\/?s={search_term_string}\"},\"query-input\":{\"@type\":\"PropertyValueSpecification\",\"valueRequired\":true,\"valueName\":\"search_term_string\"}}],\"inLanguage\":\"en-US\"},{\"@type\":\"Organization\",\"@id\":\"https:\/\/www.filipepalhoca.pt\/#organization\",\"name\":\"Filipe Palho\u00e7a Vinhos - Pen\u00ednsula de Set\u00fabal\",\"url\":\"https:\/\/www.filipepalhoca.pt\/\",\"logo\":{\"@type\":\"ImageObject\",\"inLanguage\":\"en-US\",\"@id\":\"https:\/\/www.filipepalhoca.pt\/#\/schema\/logo\/image\/\",\"url\":\"https:\/\/filipepalhoca.pt\/wp-content\/uploads\/2020\/11\/logo-black.svg\",\"contentUrl\":\"https:\/\/filipepalhoca.pt\/wp-content\/uploads\/2020\/11\/logo-black.svg\",\"width\":370,\"height\":282,\"caption\":\"Filipe Palho\u00e7a Vinhos - Pen\u00ednsula de Set\u00fabal\"},\"image\":{\"@id\":\"https:\/\/www.filipepalhoca.pt\/#\/schema\/logo\/image\/\"},\"sameAs\":[\"https:\/\/www.facebook.com\/montedacapela\/\",\"https:\/\/www.instagram.com\/montedacapela\/\"]}]}<\/script>\n<!-- \/ Yoast SEO plugin. -->","yoast_head_json":{"title":"Privacy Policy - Filipe Palho\u00e7a Vinhos","robots":{"index":"index","follow":"follow","max-snippet":"max-snippet:-1","max-image-preview":"max-image-preview:large","max-video-preview":"max-video-preview:-1"},"canonical":"https:\/\/www.filipepalhoca.pt\/en\/privacy-policy\/","og_locale":"en_US","og_type":"article","og_title":"Privacy Policy - Filipe Palho\u00e7a Vinhos","og_description":"[vc_row full_width=&#8221;stretch_row&#8221; full_height=&#8221;yes&#8221; content_placement=&#8221;middle&#8221; woodmart_parallax=&#8221;1&#8243; css=&#8221;.vc_custom_1716903636382{background-image: url(https:\/\/www.filipepalhoca.pt\/wp-content\/uploads\/2024\/05\/termos.webp?id=7032) !important;background-position: center !important;background-repeat: no-repeat !important;background-size: cover !important;}&#8221; mobile_bg_img_hidden=&#8221;no&#8221; tablet_bg_img_hidden=&#8221;no&#8221; woodmart_gradient_switch=&#8221;no&#8221; row_reverse_mobile=&#8221;0&#8243; row_reverse_tablet=&#8221;0&#8243; woodmart_disable_overflow=&#8221;0&#8243;","og_url":"https:\/\/www.filipepalhoca.pt\/en\/privacy-policy\/","og_site_name":"Filipe Palho\u00e7a Vinhos","article_publisher":"https:\/\/www.facebook.com\/montedacapela\/","article_modified_time":"2024-07-24T09:03:33+00:00","twitter_card":"summary_large_image","twitter_misc":{"Est. reading time":"9 minutes"},"schema":{"@context":"https:\/\/schema.org","@graph":[{"@type":"WebPage","@id":"https:\/\/www.filipepalhoca.pt\/en\/privacy-policy\/","url":"https:\/\/www.filipepalhoca.pt\/en\/privacy-policy\/","name":"Privacy Policy - Filipe Palho\u00e7a Vinhos","isPartOf":{"@id":"https:\/\/www.filipepalhoca.pt\/#website"},"datePublished":"2018-06-28T09:05:45+00:00","dateModified":"2024-07-24T09:03:33+00:00","breadcrumb":{"@id":"https:\/\/www.filipepalhoca.pt\/en\/privacy-policy\/#breadcrumb"},"inLanguage":"en-US","potentialAction":[{"@type":"ReadAction","target":["https:\/\/www.filipepalhoca.pt\/en\/privacy-policy\/"]}]},{"@type":"BreadcrumbList","@id":"https:\/\/www.filipepalhoca.pt\/en\/privacy-policy\/#breadcrumb","itemListElement":[{"@type":"ListItem","position":1,"name":"In\u00edcio","item":"https:\/\/www.filipepalhoca.pt\/en\/"},{"@type":"ListItem","position":2,"name":"Privacy Policy"}]},{"@type":"WebSite","@id":"https:\/\/www.filipepalhoca.pt\/#website","url":"https:\/\/www.filipepalhoca.pt\/","name":"Filipe Palho\u00e7a Vinhos","description":"Pen\u00ednsula de Set\u00fabal","publisher":{"@id":"https:\/\/www.filipepalhoca.pt\/#organization"},"potentialAction":[{"@type":"SearchAction","target":{"@type":"EntryPoint","urlTemplate":"https:\/\/www.filipepalhoca.pt\/?s={search_term_string}"},"query-input":{"@type":"PropertyValueSpecification","valueRequired":true,"valueName":"search_term_string"}}],"inLanguage":"en-US"},{"@type":"Organization","@id":"https:\/\/www.filipepalhoca.pt\/#organization","name":"Filipe Palho\u00e7a Vinhos - Pen\u00ednsula de Set\u00fabal","url":"https:\/\/www.filipepalhoca.pt\/","logo":{"@type":"ImageObject","inLanguage":"en-US","@id":"https:\/\/www.filipepalhoca.pt\/#\/schema\/logo\/image\/","url":"https:\/\/filipepalhoca.pt\/wp-content\/uploads\/2020\/11\/logo-black.svg","contentUrl":"https:\/\/filipepalhoca.pt\/wp-content\/uploads\/2020\/11\/logo-black.svg","width":370,"height":282,"caption":"Filipe Palho\u00e7a Vinhos - Pen\u00ednsula de Set\u00fabal"},"image":{"@id":"https:\/\/www.filipepalhoca.pt\/#\/schema\/logo\/image\/"},"sameAs":["https:\/\/www.facebook.com\/montedacapela\/","https:\/\/www.instagram.com\/montedacapela\/"]}]}},"_links":{"self":[{"href":"https:\/\/www.filipepalhoca.pt\/en\/wp-json\/wp\/v2\/pages\/7392","targetHints":{"allow":["GET"]}}],"collection":[{"href":"https:\/\/www.filipepalhoca.pt\/en\/wp-json\/wp\/v2\/pages"}],"about":[{"href":"https:\/\/www.filipepalhoca.pt\/en\/wp-json\/wp\/v2\/types\/page"}],"author":[{"embeddable":true,"href":"https:\/\/www.filipepalhoca.pt\/en\/wp-json\/wp\/v2\/users\/3"}],"replies":[{"embeddable":true,"href":"https:\/\/www.filipepalhoca.pt\/en\/wp-json\/wp\/v2\/comments?post=7392"}],"version-history":[{"count":0,"href":"https:\/\/www.filipepalhoca.pt\/en\/wp-json\/wp\/v2\/pages\/7392\/revisions"}],"wp:attachment":[{"href":"https:\/\/www.filipepalhoca.pt\/en\/wp-json\/wp\/v2\/media?parent=7392"}],"curies":[{"name":"wp","href":"https:\/\/api.w.org\/{rel}","templated":true}]}}